{"id":9971,"date":"2025-01-15T08:48:19","date_gmt":"2025-01-15T08:48:19","guid":{"rendered":"https:\/\/www.pulse-z.eu\/uvodna-stranka\/"},"modified":"2025-10-01T14:28:11","modified_gmt":"2025-10-01T14:28:11","slug":"uvodna-stranka","status":"publish","type":"page","link":"https:\/\/www.pulse-z.eu\/sk\/","title":{"rendered":"\u00davodn\u00e1 str\u00e1nka"},"content":{"rendered":"","protected":false},"excerpt":{"rendered":"","protected":false},"author":1,"featured_media":0,"parent":0,"menu_order":0,"comment_status":"closed","ping_status":"closed","template":"","meta":{"_acf_changed":false,"footnotes":""},"coauthors":[4124],"class_list":["post-9971","page","type-page","status-publish","hentry"],"acf":[],"_links":{"self":[{"href":"https:\/\/www.pulse-z.eu\/sk\/wp-json\/wp\/v2\/pages\/9971","targetHints":{"allow":["GET"]}}],"collection":[{"href":"https:\/\/www.pulse-z.eu\/sk\/wp-json\/wp\/v2\/pages"}],"about":[{"href":"https:\/\/www.pulse-z.eu\/sk\/wp-json\/wp\/v2\/types\/page"}],"author":[{"embeddable":true,"href":"https:\/\/www.pulse-z.eu\/sk\/wp-json\/wp\/v2\/users\/1"}],"replies":[{"embeddable":true,"href":"https:\/\/www.pulse-z.eu\/sk\/wp-json\/wp\/v2\/comments?post=9971"}],"version-history":[{"count":1,"href":"https:\/\/www.pulse-z.eu\/sk\/wp-json\/wp\/v2\/pages\/9971\/revisions"}],"predecessor-version":[{"id":53280,"href":"https:\/\/www.pulse-z.eu\/sk\/wp-json\/wp\/v2\/pages\/9971\/revisions\/53280"}],"wp:attachment":[{"href":"https:\/\/www.pulse-z.eu\/sk\/wp-json\/wp\/v2\/media?parent=9971"}],"wp:term":[{"taxonomy":"author","embeddable":true,"href":"https:\/\/www.pulse-z.eu\/sk\/wp-json\/wp\/v2\/coauthors?post=9971"}],"curies":[{"name":"wp","href":"https:\/\/api.w.org\/{rel}","templated":true}]}}