{"id":9897,"date":"2025-03-04T11:53:04","date_gmt":"2025-03-04T11:53:04","guid":{"rendered":"https:\/\/www.pulse-z.eu\/vacsina-publikovanych\/"},"modified":"2025-06-12T12:06:35","modified_gmt":"2025-06-12T12:06:35","slug":"vacsina-publikovanych","status":"publish","type":"page","link":"https:\/\/www.pulse-z.eu\/sk\/tabulka-s-vysledkami\/vacsina-publikovanych\/","title":{"rendered":"V\u00e4\u010d\u0161ina publikovan\u00fdch"},"content":{"rendered":"","protected":false},"excerpt":{"rendered":"","protected":false},"author":1,"featured_media":0,"parent":10001,"menu_order":0,"comment_status":"closed","ping_status":"closed","template":"","meta":{"_acf_changed":false,"footnotes":""},"coauthors":[],"class_list":["post-9897","page","type-page","status-publish","hentry"],"acf":[],"_links":{"self":[{"href":"https:\/\/www.pulse-z.eu\/sk\/wp-json\/wp\/v2\/pages\/9897","targetHints":{"allow":["GET"]}}],"collection":[{"href":"https:\/\/www.pulse-z.eu\/sk\/wp-json\/wp\/v2\/pages"}],"about":[{"href":"https:\/\/www.pulse-z.eu\/sk\/wp-json\/wp\/v2\/types\/page"}],"author":[{"embeddable":true,"href":"https:\/\/www.pulse-z.eu\/sk\/wp-json\/wp\/v2\/users\/1"}],"replies":[{"embeddable":true,"href":"https:\/\/www.pulse-z.eu\/sk\/wp-json\/wp\/v2\/comments?post=9897"}],"version-history":[{"count":1,"href":"https:\/\/www.pulse-z.eu\/sk\/wp-json\/wp\/v2\/pages\/9897\/revisions"}],"predecessor-version":[{"id":10002,"href":"https:\/\/www.pulse-z.eu\/sk\/wp-json\/wp\/v2\/pages\/9897\/revisions\/10002"}],"up":[{"embeddable":true,"href":"https:\/\/www.pulse-z.eu\/sk\/wp-json\/wp\/v2\/pages\/10001"}],"wp:attachment":[{"href":"https:\/\/www.pulse-z.eu\/sk\/wp-json\/wp\/v2\/media?parent=9897"}],"wp:term":[{"taxonomy":"author","embeddable":true,"href":"https:\/\/www.pulse-z.eu\/sk\/wp-json\/wp\/v2\/coauthors?post=9897"}],"curies":[{"name":"wp","href":"https:\/\/api.w.org\/{rel}","templated":true}]}}