{"id":10017,"date":"2025-03-04T11:52:06","date_gmt":"2025-03-04T11:52:06","guid":{"rendered":"https:\/\/www.pulse-z.eu\/tabulka-s-vysledkami\/vacsina-nasledovala\/"},"modified":"2025-03-04T11:52:06","modified_gmt":"2025-03-04T11:52:06","slug":"vacsina-nasledovala","status":"publish","type":"page","link":"https:\/\/www.pulse-z.eu\/sk\/tabulka-s-vysledkami\/vacsina-nasledovala\/","title":{"rendered":"V\u00e4\u010d\u0161ina nasledovala"},"content":{"rendered":"","protected":false},"excerpt":{"rendered":"","protected":false},"author":1,"featured_media":0,"parent":10001,"menu_order":0,"comment_status":"closed","ping_status":"closed","template":"","meta":{"_acf_changed":false,"footnotes":""},"coauthors":[],"class_list":["post-10017","page","type-page","status-publish","hentry"],"acf":[],"_links":{"self":[{"href":"https:\/\/www.pulse-z.eu\/sk\/wp-json\/wp\/v2\/pages\/10017","targetHints":{"allow":["GET"]}}],"collection":[{"href":"https:\/\/www.pulse-z.eu\/sk\/wp-json\/wp\/v2\/pages"}],"about":[{"href":"https:\/\/www.pulse-z.eu\/sk\/wp-json\/wp\/v2\/types\/page"}],"author":[{"embeddable":true,"href":"https:\/\/www.pulse-z.eu\/sk\/wp-json\/wp\/v2\/users\/1"}],"replies":[{"embeddable":true,"href":"https:\/\/www.pulse-z.eu\/sk\/wp-json\/wp\/v2\/comments?post=10017"}],"version-history":[{"count":0,"href":"https:\/\/www.pulse-z.eu\/sk\/wp-json\/wp\/v2\/pages\/10017\/revisions"}],"up":[{"embeddable":true,"href":"https:\/\/www.pulse-z.eu\/sk\/wp-json\/wp\/v2\/pages\/10001"}],"wp:attachment":[{"href":"https:\/\/www.pulse-z.eu\/sk\/wp-json\/wp\/v2\/media?parent=10017"}],"wp:term":[{"taxonomy":"author","embeddable":true,"href":"https:\/\/www.pulse-z.eu\/sk\/wp-json\/wp\/v2\/coauthors?post=10017"}],"curies":[{"name":"wp","href":"https:\/\/api.w.org\/{rel}","templated":true}]}}